{"id":207,"date":"2021-02-11T19:45:29","date_gmt":"2021-02-11T19:45:29","guid":{"rendered":"http:\/\/buddy.sactory.de\/?page_id=207"},"modified":"2021-02-12T19:31:10","modified_gmt":"2021-02-12T19:31:10","slug":"impressum","status":"publish","type":"page","link":"https:\/\/www.tattoo-buddy.de\/?page_id=207","title":{"rendered":"Impressum"},"content":{"rendered":"\t\t<div data-elementor-type=\"wp-page\" data-elementor-id=\"207\" class=\"elementor elementor-207\" data-elementor-settings=\"[]\">\n\t\t\t\t\t\t\t<div class=\"elementor-section-wrap\">\n\t\t\t\t\t\t\t<section class=\"elementor-section elementor-top-section elementor-element elementor-element-bb9c96c elementor-section-boxed elementor-section-height-default elementor-section-height-default\" data-id=\"bb9c96c\" data-element_type=\"section\">\n\t\t\t\t\t\t<div class=\"elementor-container elementor-column-gap-default\">\n\t\t\t\t\t<div class=\"elementor-column elementor-col-100 elementor-top-column elementor-element elementor-element-d7955b6\" data-id=\"d7955b6\" data-element_type=\"column\">\n\t\t\t<div class=\"elementor-widget-wrap elementor-element-populated\">\n\t\t\t\t\t\t\t\t<div class=\"elementor-element elementor-element-7a8093a elementor-widget elementor-widget-text-editor\" data-id=\"7a8093a\" data-element_type=\"widget\" data-widget_type=\"text-editor.default\">\n\t\t\t\t<div class=\"elementor-widget-container\">\n\t\t\t\t\t\t\t\t<p><strong>Tattoo Buddy<br \/><\/strong><\/p><p>Inhaber: Philipp Kraft<\/p><p>Maierbachstra\u00dfe 13<br \/>78234 Engen-Neuhausen<br \/>Deutschland<\/p><p>Mail: info@tattoo-buddy.de<\/p><p>Kleinunternehmer gem\u00e4\u00df \u00a7 19 UStG<\/p><p>USt-IdNr: DE?????<\/p><p>Verantwortlich gem\u00e4\u00df \u00a7 55 RStV:<\/p><p>Philipp Kraft<br \/>Maierbachstra\u00dfe 13<br \/>78234 Engen-Neuhausen<br \/>Deutschland<\/p><p>Die Europ\u00e4ische Kommission stellt eine Plattform zur Online-Streitbeilegung (OS) bereit, die Sie hier finden <a href=\"https:\/\/ec.europa.eu\/consumers\/odr\/\" target=\"_blank\" rel=\"noopener noreferrer\">https:\/\/ec.europa.eu\/consumers\/odr\/<\/a>. Zur Teilnahme an einem Streitbeilegungsverfahren vor einer Verbraucherschlichtungsstelle sind wir nicht verpflichtet und nicht bereit.<\/p>\t\t\t\t\t\t<\/div>\n\t\t\t\t<\/div>\n\t\t\t\t\t<\/div>\n\t\t<\/div>\n\t\t\t\t\t\t\t<\/div>\n\t\t<\/section>\n\t\t\t\t\t\t<\/div>\n\t\t\t\t\t<\/div>\n\t\t","protected":false},"excerpt":{"rendered":"<p>Tattoo Buddy Inhaber: Philipp Kraft Maierbachstra\u00dfe 1378234 Engen-NeuhausenDeutschland Mail: info@tattoo-buddy.de Kleinunternehmer gem\u00e4\u00df \u00a7 19 UStG USt-IdNr: DE????? Verantwortlich gem\u00e4\u00df \u00a7 55 RStV: Philipp KraftMaierbachstra\u00dfe 1378234 Engen-NeuhausenDeutschland Die Europ\u00e4ische Kommission stellt eine Plattform zur Online-Streitbeilegung (OS) bereit, die Sie hier finden https:\/\/ec.europa.eu\/consumers\/odr\/. Zur Teilnahme an einem Streitbeilegungsverfahren vor einer Verbraucherschlichtungsstelle sind wir nicht verpflichtet und nicht [&hellip;]<\/p>\n","protected":false},"author":1,"featured_media":0,"parent":0,"menu_order":0,"comment_status":"closed","ping_status":"closed","template":"","meta":{"footnotes":""},"class_list":["post-207","page","type-page","status-publish","hentry","entry"],"_links":{"self":[{"href":"https:\/\/www.tattoo-buddy.de\/index.php?rest_route=\/wp\/v2\/pages\/207","targetHints":{"allow":["GET"]}}],"collection":[{"href":"https:\/\/www.tattoo-buddy.de\/index.php?rest_route=\/wp\/v2\/pages"}],"about":[{"href":"https:\/\/www.tattoo-buddy.de\/index.php?rest_route=\/wp\/v2\/types\/page"}],"author":[{"embeddable":true,"href":"https:\/\/www.tattoo-buddy.de\/index.php?rest_route=\/wp\/v2\/users\/1"}],"replies":[{"embeddable":true,"href":"https:\/\/www.tattoo-buddy.de\/index.php?rest_route=%2Fwp%2Fv2%2Fcomments&post=207"}],"version-history":[{"count":7,"href":"https:\/\/www.tattoo-buddy.de\/index.php?rest_route=\/wp\/v2\/pages\/207\/revisions"}],"predecessor-version":[{"id":249,"href":"https:\/\/www.tattoo-buddy.de\/index.php?rest_route=\/wp\/v2\/pages\/207\/revisions\/249"}],"wp:attachment":[{"href":"https:\/\/www.tattoo-buddy.de\/index.php?rest_route=%2Fwp%2Fv2%2Fmedia&parent=207"}],"curies":[{"name":"wp","href":"https:\/\/api.w.org\/{rel}","templated":true}]}}