{"id":209,"date":"2021-02-11T19:46:05","date_gmt":"2021-02-11T19:46:05","guid":{"rendered":"http:\/\/buddy.sactory.de\/?page_id=209"},"modified":"2021-02-12T19:55:24","modified_gmt":"2021-02-12T19:55:24","slug":"agb","status":"publish","type":"page","link":"https:\/\/www.tattoo-buddy.de\/?page_id=209","title":{"rendered":"AGB"},"content":{"rendered":"\t\t<div data-elementor-type=\"wp-page\" data-elementor-id=\"209\" class=\"elementor elementor-209\" data-elementor-settings=\"[]\">\n\t\t\t\t\t\t\t<div class=\"elementor-section-wrap\">\n\t\t\t\t\t\t\t<section class=\"elementor-section elementor-top-section elementor-element elementor-element-c847a79 elementor-section-boxed elementor-section-height-default elementor-section-height-default\" data-id=\"c847a79\" data-element_type=\"section\">\n\t\t\t\t\t\t<div class=\"elementor-container elementor-column-gap-default\">\n\t\t\t\t\t<div class=\"elementor-column elementor-col-100 elementor-top-column elementor-element elementor-element-83c93fa\" data-id=\"83c93fa\" data-element_type=\"column\">\n\t\t\t<div class=\"elementor-widget-wrap elementor-element-populated\">\n\t\t\t\t\t\t\t\t<div class=\"elementor-element elementor-element-014a543 elementor-widget elementor-widget-text-editor\" data-id=\"014a543\" data-element_type=\"widget\" data-widget_type=\"text-editor.default\">\n\t\t\t\t<div class=\"elementor-widget-container\">\n\t\t\t\t\t\t\t\t<p class=\"paragraph_style_1\">Allgemeine Gesch\u00e4ftsbedingungen<\/p><p>Tattoo Buddy<\/p><p>Maierbachstra\u00dfe 13<\/p><p class=\"paragraph_style_2\">78234 Engen-Neuhausen<\/p><p><strong>1 . Gegenstand des Vertrags<\/strong><\/p><p>Gegenstand der Allgemeinen Gesch\u00e4ftsbedingungen ist die Regelung der Vertragsbedingungen f\u00fcr s\u00e4mtliche Vertr\u00e4ge die Mitarbeiter von Tattoo Buddy mit dem Vertragspartner, nachfolgend \u201eKunde\u201c genannt, schlie\u00dft. Es gelten jeweils die Allgemeinen Gesch\u00e4ftsbedingungen von Tattoo Buddy in der zum Zeitpunkt des Vertragsschlusses g\u00fcltigen Fassung.<br \/><span class=\"style\"><br \/><\/span><\/p><p class=\"paragraph_style_5\"><strong>2. <span class=\"style_1\">Zustandekommen des Vertrags<\/span><\/strong><\/p><p>Die Angebote von Tattoo Buddy sind unverbindlich. Der Vertrag kommt erst zustande, nachdem Tattoo Buddy dem Kunden den Auftrag nach Erhalt einer Anzahlung mit einem Sitzungstermin best\u00e4tigt hat. Tattoo Buddy beh\u00e4lt sich vor, einen Auftrag abzulehnen. Anspr\u00fcche jeglicher Art aus dieser Ablehnung werden durch Tattoo Buddy ausdr\u00fccklich ausgeschlossen.<\/p><p class=\"paragraph_style_4\"><strong>3.<\/strong><span class=\"style_1\"><strong> Informationspflichten<\/strong><br \/><\/span><br \/>Der Kunde ist beim Zustandekommen des Sitzungstermins \/ Vertrags verpflichtet, wahrheitsgem\u00e4\u00dfe Angaben zu machen. Unterl\u00e4sst der Kunde diese Information oder gibt er falsche Daten an, wie z.B. einen falschen Namen und Telefonnummern, so kann Tattoo Buddy, soweit ein Vertrag zustande gekommen ist, vom Vertrag zur\u00fccktreten.<\/p><p>Das gilt insbesondere f\u00fcr den Fragebogen, den jeder Kunde vor der T\u00e4towierung ausf\u00fcllt.<\/p><p class=\"paragraph_style_4\"><strong>4. <span class=\"style_1\">Aufkl\u00e4rung des Kunden<\/span><\/strong><\/p><p>Der Kunde wird vom T\u00e4towierer u\u0308ber die spezifischen Gefahren, die mit der von ihm erbrachten Leistungen einhergehen, ausfu\u0308hrlich informiert.<\/p><p><em>Insbesondere\u00a0 auf folgende Gefahren<\/em><br \/><strong>a.<\/strong> Es kann beim Ta\u0308towieren, auch unter Beachtung aller gebotenen Sorgfalt, zu Verletzungen kommen. Der Kunde wurde u\u0308ber die speziellen Gefahren und Risiken hinsichtlich des speziellen von ihm gewu\u0308nschten Tattoos ausfu\u0308hrlich informiert.<\/p><p class=\"paragraph_style_6\"><strong>b.<\/strong> Nach der Verheilung der T\u00e4towierung kann es in einzelnen, sehr seltenen F\u00e4llen zur Narbenbildung kommen.<\/p><p class=\"paragraph_style_6\"><strong>c.<\/strong> Ein Tattoo beno\u0308tigt eine gewisse Abheilzeit und besondere Pflege. Die Dauer der Abheilzeit ist von verschiedenen, auch individuellen Faktoren abha\u0308ngig. Der Kunde ist hieru\u0308ber informiert worden und hat hierzu insbesondere die vom\u00a0 T\u00e4towierer \u00fcberlassene Pflegeanleitung erhalten und diese vor Vertragsabschluss zur Kenntnis genommen und verstanden. Weiterhin wurde der\u00a0 Kunde daru\u0308ber aufgekla\u0308rt, dass das T\u00e4towieren ein Eingriff in die Unversehrtheit des K\u00f6rpers ist. Der Kunde ist mit diesem Eingriff ausdr\u00fccklich einverstanden!<\/p><p class=\"paragraph_style_7\"><strong><span class=\"style_2\">5. <\/span>Preise und Zahlungsbedingungen<\/strong><\/p><p class=\"paragraph_style_6\"><strong>a.<\/strong> F\u00fcr die Sitzungen gelten die jeweiligen Angebotspreise zum Zeitpunkt der Auftragserteilung \/ Vertrags. Die Preise verstehen sich jeweils inklusive Nacharbeit (innerhalb 6 Monaten), soweit keine anderweitigen, schriftlichen Vereinbarungen getroffen worden sind.<\/p><p class=\"paragraph_style_8\"><span class=\"Aufz\u00e4hlungszeichen\"><strong>b.<\/strong> <\/span>Der Kunde zahlt mit der Terminvergabe eine sofort f\u00e4llige Anzahlung gem\u00e4\u00df Vereinbarung. Die Anzahlung ist in bar zu leisten.<\/p><p class=\"paragraph_style_8\"><strong><span class=\"Aufz\u00e4hlungszeichen\">c. <\/span><\/strong>Der Geldbetrag sowie Anzahlung sind sofort f\u00e4llig und ohne Abzug zahlbar, soweit nichts anderes vereinbart ist.<\/p><p class=\"paragraph_style_8\"><strong>d. <\/strong>Bei Beendigung des Termins (Sitzung) ist der Rest des vorab festgelegten Preises f\u00fcr diese Sitzung\u00a0 (F\u00e4lligkeit der Verg\u00fctung i.S.v. \u00a7 641 I BGB) f\u00e4llig. Die Verg\u00fctung ist in bar zu leisten.<\/p><p class=\"paragraph_style_5\"><strong>6. <span class=\"style_1\">Widerrufsrecht des Kunden<\/span><\/strong><\/p><p>Der Kunde muss bis sp\u00e4testens 2 Tage vor Beginn der Sitzung den Sitzungstermin absagen oder verschieben. Wenn der Kunde den Sitzungstermin bis sp\u00e4testens 2 Tage vor Beginn absagt, bekommt er die komplette Anzahlung zur\u00fcck oder sie wird auf einen Ersatztermin angerechnet. Wird diese Frist jedoch nicht eingehalten, und der Kunde sagt weniger als 2 Tage vor Beginn oder gar nicht ab, hat Tattoo Buddy das Recht, diese Anzahlung zur Minderung des Verdienstausfalles einzubehalten.<\/p><p>Kommt kein Folgetermin zustande oder entscheidet sich der Kunde im Nachhinein gegen die T\u00e4towierung, sind Tattoo Buddy die bis zu diesem Zeitpunkt entstandenen Kosten (i.d.R. Entwurfskosten) zu erstatten.<\/p><p class=\"paragraph_style_11\"><strong><span class=\"style_2\">7. <\/span>Urheberrechte<\/strong><\/p><p class=\"paragraph_style_11\"><strong><span class=\"Aufz\u00e4hlungszeichen\">a.\u00a0<\/span><\/strong>Tattoo Buddy \u00fcberpr\u00fcft nicht, ob die Urheberrechte der Vorlagen von Kunden bei den Kunden liegen. Der Kunde versichert gegen\u00fcber Tattoo Buddy, dass er die Rechte an dieser Vorlage besitzt und stellt Tattoo Buddy von s\u00e4mtlichen Forderungen frei, die aus einer ggf. erfolgten Rechtsverletzung oder sonstigen Verst\u00f6\u00dfen gegen geltendes Recht entstehen.<\/p><p class=\"paragraph_style_11\"><strong><span class=\"Aufz\u00e4hlungszeichen\">b. <\/span><\/strong>Die Urheberrechte der von Tattoo Buddy entworfenen, kundenindividuellen Vorlagen liegen grunds\u00e4tzlich und immer bei Tattoo Buddy. Der Kunde erkl\u00e4rt sich damit einverstanden, Urheberrechte und Nutzungsrechte an den vom T\u00e4towierer erstellten Entw\u00fcrfen zu wahren, diese nicht zu vervielf\u00e4ltigen oder an Dritte weiterzugeben. Es ist dem Kunden untersagt, ohne das Einverst\u00e4ndnis des T\u00e4towierers diesen Entwurf von einem anderen T\u00e4towierer t\u00e4towieren zu lassen oder weiterzuverkaufen. Ein Nutzungsrecht des Entwurfes, das beinhaltet, dass der Kunde das entworfene Motiv von einem anderen T\u00e4towierer als einem Mitarbeiter von Tattoo Buddy t\u00e4towieren zu lassen, besteht also grunds\u00e4tzlich nicht und muss im Einzelfall mit Tattoo Buddy abgestimmt werden.<\/p><p>Tattoo Buddy wird jede Verletzung des Urheberrechts zur Anzeige bringen.<\/p><p class=\"paragraph_style_5\"><strong><span class=\"style\">8. <\/span><span class=\"style_1\">Abnahme<\/span><\/strong><\/p><p>Die Abnahme des Tattoos hat unmittelbar nach der Durchf\u00fchrung durch den Kunden zu erfolgen. Der T\u00e4towierer dokumentiert das fertige Tattoo fotografisch.<\/p><p><strong><span class=\"Aufz\u00e4hlungszeichen\">9. <\/span><span class=\"style_1\">Gew\u00e4hrleistung<\/span><\/strong><\/p><p>Mit dem T\u00e4towieren geht grunds\u00e4tzlich eine K\u00f6rperverletzung einher. Es handelt es sich um einen operativen Eingriff in den menschlichen Organismus. Das T\u00e4towieren ist das Einfu\u0308gen von Farbstoffen in die menschliche Haut oder Schleimhaut zu dekorativen Zwecken unter Zuhilfenahme spezieller Instrumente. Der Kunde stimmt dieser K\u00f6rperverletzung ausdr\u00fccklich zu. Sie ist Bestandteil dieses Vertrags.<\/p><p>Da der T\u00e4towierer nur die fachgerechte Anbringung gew\u00e4hrleistet, haftet er nur in F\u00e4llen grober Fahrl\u00e4ssigkeit und von Vorsatz. Der T\u00e4towierer schlie\u00dft jedoch die Haftung f\u00fcr jegliche falsche oder falsch verstandene Nachsorge des Tattoos aus. Genaue Pflegeinformationen werden dem Kunden zun\u00e4chst vom T\u00e4towierer m\u00fcndlich erkl\u00e4rt und\u00a0 in Form einer schriftlichen Pflegeanleitung \u00fcbergeben.<\/p><p><strong><span class=\"Aufz\u00e4hlungszeichen\">10. <\/span><span class=\"style_1\">Unwirksame Bestimmung<\/span><\/strong><\/p><p>Soweit einzelne Bestimmungen dieses Vertrags unwirksam sein sollten, bleibt hiervon die Wirksamkeit des u\u0308brigen Vertrags unberu\u0308hrt. Etwaige unwirksame Bestimmungen werden durch die jeweilige Regelung ersetzt, die in gesetzlich zul\u00e4ssigerweise, den von den Vertragsparteien mit dieser Bestimmung zum\u00a0 Ausdruck gebrachten Willen am n\u00e4chsten kommen.<span class=\"style\"><br \/><\/span><\/p>\t\t\t\t\t\t<\/div>\n\t\t\t\t<\/div>\n\t\t\t\t\t<\/div>\n\t\t<\/div>\n\t\t\t\t\t\t\t<\/div>\n\t\t<\/section>\n\t\t\t\t\t\t<\/div>\n\t\t\t\t\t<\/div>\n\t\t","protected":false},"excerpt":{"rendered":"<p>Allgemeine Gesch\u00e4ftsbedingungen Tattoo Buddy Maierbachstra\u00dfe 13 78234 Engen-Neuhausen 1 . Gegenstand des Vertrags Gegenstand der Allgemeinen Gesch\u00e4ftsbedingungen ist die Regelung der Vertragsbedingungen f\u00fcr s\u00e4mtliche Vertr\u00e4ge die Mitarbeiter von Tattoo Buddy mit dem Vertragspartner, nachfolgend \u201eKunde\u201c genannt, schlie\u00dft. Es gelten jeweils die Allgemeinen Gesch\u00e4ftsbedingungen von Tattoo Buddy in der zum Zeitpunkt des Vertragsschlusses g\u00fcltigen Fassung. 2. [&hellip;]<\/p>\n","protected":false},"author":1,"featured_media":0,"parent":0,"menu_order":0,"comment_status":"closed","ping_status":"closed","template":"","meta":{"footnotes":""},"class_list":["post-209","page","type-page","status-publish","hentry","entry"],"_links":{"self":[{"href":"https:\/\/www.tattoo-buddy.de\/index.php?rest_route=\/wp\/v2\/pages\/209","targetHints":{"allow":["GET"]}}],"collection":[{"href":"https:\/\/www.tattoo-buddy.de\/index.php?rest_route=\/wp\/v2\/pages"}],"about":[{"href":"https:\/\/www.tattoo-buddy.de\/index.php?rest_route=\/wp\/v2\/types\/page"}],"author":[{"embeddable":true,"href":"https:\/\/www.tattoo-buddy.de\/index.php?rest_route=\/wp\/v2\/users\/1"}],"replies":[{"embeddable":true,"href":"https:\/\/www.tattoo-buddy.de\/index.php?rest_route=%2Fwp%2Fv2%2Fcomments&post=209"}],"version-history":[{"count":4,"href":"https:\/\/www.tattoo-buddy.de\/index.php?rest_route=\/wp\/v2\/pages\/209\/revisions"}],"predecessor-version":[{"id":253,"href":"https:\/\/www.tattoo-buddy.de\/index.php?rest_route=\/wp\/v2\/pages\/209\/revisions\/253"}],"wp:attachment":[{"href":"https:\/\/www.tattoo-buddy.de\/index.php?rest_route=%2Fwp%2Fv2%2Fmedia&parent=209"}],"curies":[{"name":"wp","href":"https:\/\/api.w.org\/{rel}","templated":true}]}}