{"id":213,"date":"2021-02-11T19:46:47","date_gmt":"2021-02-11T19:46:47","guid":{"rendered":"http:\/\/buddy.sactory.de\/?page_id=213"},"modified":"2021-02-12T19:26:59","modified_gmt":"2021-02-12T19:26:59","slug":"datenschutzerklaerung","status":"publish","type":"page","link":"https:\/\/www.tattoo-buddy.de\/?page_id=213","title":{"rendered":"Datenschutzerkl\u00e4rung"},"content":{"rendered":"\t\t<div data-elementor-type=\"wp-page\" data-elementor-id=\"213\" class=\"elementor elementor-213\" data-elementor-settings=\"[]\">\n\t\t\t\t\t\t\t<div class=\"elementor-section-wrap\">\n\t\t\t\t\t\t\t<section class=\"elementor-section elementor-top-section elementor-element elementor-element-7d305c4 elementor-section-boxed elementor-section-height-default elementor-section-height-default\" data-id=\"7d305c4\" data-element_type=\"section\">\n\t\t\t\t\t\t<div class=\"elementor-container elementor-column-gap-default\">\n\t\t\t\t\t<div class=\"elementor-column elementor-col-100 elementor-top-column elementor-element elementor-element-9aab510\" data-id=\"9aab510\" data-element_type=\"column\">\n\t\t\t<div class=\"elementor-widget-wrap elementor-element-populated\">\n\t\t\t\t\t\t\t\t<div class=\"elementor-element elementor-element-3f817ec elementor-widget elementor-widget-text-editor\" data-id=\"3f817ec\" data-element_type=\"widget\" data-widget_type=\"text-editor.default\">\n\t\t\t\t<div class=\"elementor-widget-container\">\n\t\t\t\t\t\t\t\t<p><strong>Datenschutzerkl\u00e4rung<\/strong><\/p><p><strong>Verantwortlicher f\u00fcr die Datenverarbeitung ist:<\/strong><br \/>Philipp Kraft<br \/>Maierbachstra\u00dfe 13<br \/>78234 Engen-Neuhausen<br \/>Deutschland<\/p><p>info@tattoo-buddy.de<\/p><p>Wir freuen uns \u00fcber Ihr Interesse an unserem Angebot. Der Schutz Ihrer Privatsph\u00e4re ist f\u00fcr uns sehr wichtig. Nachstehend informieren wir Sie ausf\u00fchrlich \u00fcber den Umgang mit Ihren Daten.<\/p><p><strong>1.\u00a0Zugriffsdaten und Hosting<\/strong><\/p><p>Sie k\u00f6nnen unsere Webseiten besuchen, ohne Angaben zu Ihrer Person zu machen. Bei jedem Aufruf einer Webseite speichert der Webserver lediglich automatisch ein sogenanntes Server-Logfile, das z.B. den Namen der angeforderten Datei, Ihre IP-Adresse, Datum und Uhrzeit des Abrufs, \u00fcbertragene Datenmenge und den anfragenden Provider (Zugriffsdaten) enth\u00e4lt und den Abruf dokumentiert.<\/p><p>Diese Zugriffsdaten werden ausschlie\u00dflich zum Zwecke der Sicherstellung eines st\u00f6rungsfreien Betriebs der Seite sowie der Verbesserung unseres Angebots ausgewertet. Dies dient gem\u00e4\u00df Art. 6 Abs. 1 S. 1 lit. f DSGVO der Wahrung unserer im Rahmen einer Interessensabw\u00e4gung \u00fcberwiegenden berechtigten Interessen an einer korrekten Darstellung unseres Angebots. Alle Zugriffsdaten werden sp\u00e4testens sieben Tage nach Ende Ihres Seitenbesuchs gel\u00f6scht.<\/p><p><strong>Hostingdienstleistungen durch einen Drittanbieter<\/strong><br \/>Im Rahmen einer Verarbeitung in unserem Auftrag erbringt ein Drittanbieter f\u00fcr uns die Dienste zum Hosting und zur Darstellung der Webseite. Alle Daten, die im Rahmen der Nutzung dieser Webseite oder in daf\u00fcr vorgesehenen Formularen im Onlineshop wie folgend beschrieben erhoben werden, werden auf seinen Servern verarbeitet. Eine Verarbeitung auf anderen Servern findet nur in dem hier erl\u00e4uterten Rahmen statt.<\/p><p>Dieser Dienstleister sitzt innerhalb eines Landes der Europ\u00e4ischen Union oder des Europ\u00e4ischen Wirtschaftsraums.<\/p><p><strong>2.\u00a0Datenerhebung und -verwendung zur Vertragsabwicklung, Kontaktaufnahme und bei Er\u00f6ffnung eines Kundenkontos<\/strong><\/p><p>Wir erheben personenbezogene Daten, wenn Sie uns diese im Rahmen Ihrer Bestellung, bei einer Kontaktaufnahme mit uns (z.B. per Kontaktformular oder E-Mail) oder bei Er\u00f6ffnung eines Kundenkontos freiwillig mitteilen. Pflichtfelder werden als solche gekennzeichnet, da wir in diesen F\u00e4llen die Daten zwingend zur Vertragsabwicklung, bzw. zur Bearbeitung Ihrer Kontaktaufnahme oder Er\u00f6ffnung des Kundenkontos ben\u00f6tigen und Sie ohne deren Angabe die Bestellung und\/ oder die Kontoer\u00f6ffnung nicht abschlie\u00dfen, bzw. die Kontaktaufnahme nicht versenden k\u00f6nnen. Welche Daten erhoben werden, ist aus den jeweiligen Eingabeformularen ersichtlich.<\/p><p>Wir verwenden die von ihnen mitgeteilten Daten gem\u00e4\u00df Art. 6 Abs. 1 S. 1 lit. b DSGVO zur Vertragsabwicklung und Bearbeitung Ihrer Anfragen. Nach vollst\u00e4ndiger Abwicklung des Vertrages oder L\u00f6schung Ihres Kundenkontos werden Ihre Daten f\u00fcr die weitere Verarbeitung eingeschr\u00e4nkt und nach Ablauf der steuer- und handelsrechtlichen Aufbewahrungsfristen gel\u00f6scht, sofern Sie nicht ausdr\u00fccklich in eine weitere Nutzung Ihrer Daten eingewilligt haben oder wir uns eine dar\u00fcber hinausgehende Datenverwendung vorbehalten, die gesetzlich erlaubt ist und \u00fcber die wir Sie in dieser Erkl\u00e4rung informieren. Die L\u00f6schung Ihres Kundenkontos ist jederzeit m\u00f6glich und kann entweder durch eine Nachricht an die unten beschriebene Kontaktm\u00f6glichkeit oder \u00fcber eine daf\u00fcr vorgesehene Funktion im Kundenkonto erfolgen.<\/p><p><strong>3.\u00a0Datenweitergabe<\/strong><\/p><p>Zur Vertragserf\u00fcllung gem\u00e4\u00df Art. 6 Abs. 1 S. 1 lit. b DSGVO geben wir Ihre Daten an das mit der Lieferung beauftragte Versandunternehmen weiter, soweit dies zur Lieferung bestellter Waren erforderlich ist. Je nach dem, welchen Zahlungsdienstleister Sie im Bestellprozess ausw\u00e4hlen, geben wir zur Abwicklung von Zahlungen die hierf\u00fcr erhobenen Zahlungsdaten an das mit der Zahlung beauftragte Kreditinstitut und ggf. von uns beauftragte Zahlungsdienstleister weiter bzw. an den ausgew\u00e4hlten Zahlungsdienst. Zum Teil erheben die ausgew\u00e4hlten Zahlungsdienstleister diese Daten auch selbst, soweit Sie dort ein Konto anlegen. In diesem Fall m\u00fcssen Sie sich im Bestellprozess mit Ihren Zugangsdaten bei dem Zahlungsdienstleister anmelden. Es gilt insoweit die Datenschutzerkl\u00e4rung des jeweiligen Zahlungsdienstleisters.<\/p><p><strong>4.\u00a0E-Mail-Newsletter <\/strong><\/p><p><strong>E-Mail-Werbung mit Anmeldung zum Newsletter<\/strong><br \/>Wenn Sie sich zu unserem Newsletter anmelden, verwenden wir die hierf\u00fcr erforderlichen oder gesondert von Ihnen mitgeteilten Daten, um Ihnen regelm\u00e4\u00dfig unseren E-Mail-Newsletter aufgrund Ihrer Einwilligung gem\u00e4\u00df Art. 6 Abs. 1 S. 1 lit. a DSGVO zuzusenden.<\/p><p>Die Abmeldung vom Newsletter ist jederzeit m\u00f6glich und kann entweder durch eine Nachricht an die unten beschriebene Kontaktm\u00f6glichkeit oder \u00fcber einen daf\u00fcr vorgesehenen Link im Newsletter erfolgen. Nach Abmeldung l\u00f6schen wir Ihre E-Mail-Adresse aus der Empf\u00e4ngerliste, soweit Sie nicht ausdr\u00fccklich in eine weitere Nutzung Ihrer Daten eingewilligt haben oder wir uns eine dar\u00fcber hinausgehende Datenverwendung vorbehalten, die gesetzlich erlaubt ist und \u00fcber die wir Sie in dieser Erkl\u00e4rung informieren.<\/p><p><strong>5.\u00a0Cookies<\/strong><\/p><p>Um den Besuch unserer Website attraktiv zu gestalten und die Nutzung bestimmter Funktionen zu erm\u00f6glichen, um passende Produkte anzuzeigen oder zur Marktforschung verwenden wir auf verschiedenen Seiten sogenannte Cookies. Dies dient der Wahrung unserer im Rahmen einer Interessensabw\u00e4gung \u00fcberwiegenden berechtigten Interessen an einer optimierten Darstellung unseres Angebots gem\u00e4\u00df Art. 6 Abs. 1 S. 1 lit. f DSGVO. Cookies sind kleine Textdateien, die automatisch auf Ihrem Endger\u00e4t gespeichert werden. Einige der von uns verwendeten Cookies werden nach Ende der Browser-Sitzung, also nach Schlie\u00dfen Ihres Browsers, wieder gel\u00f6scht (sog. Sitzungs-Cookies). Andere Cookies verbleiben auf Ihrem Endger\u00e4t und erm\u00f6glichen uns, Ihren Browser beim n\u00e4chsten Besuch wiederzuerkennen (persistente Cookies). Die Dauer der Speicherung k\u00f6nnen Sie der \u00dcbersicht in den Cookie-Einstellungen Ihres Webbrowsers entnehmen. Sie k\u00f6nnen Ihren Browser so einstellen, dass Sie \u00fcber das Setzen von Cookies informiert werden und einzeln \u00fcber deren Annahme entscheiden oder die Annahme von Cookies f\u00fcr bestimmte F\u00e4lle oder generell ausschlie\u00dfen. Jeder Browser unterscheidet sich in der Art, wie er die Cookie-Einstellungen verwaltet. Diese ist in dem Hilfemen\u00fc jedes Browsers beschrieben, welches Ihnen erl\u00e4utert, wie Sie Ihre Cookie-Einstellungen \u00e4ndern k\u00f6nnen. Diese finden Sie f\u00fcr die jeweiligen Browser unter den folgenden Links:<\/p><p><a href=\"https:\/\/support.microsoft.com\/de-de\/help\/17442\/windows-internet-explorer-delete-manage-cookies\" target=\"_blank\" rel=\"noopener noreferrer\">Internet Explorer\u2122<\/a><br \/><a href=\"https:\/\/support.apple.com\/de-de\/guide\/safari\/sfri11471\/12.0\/mac\/10.14\" target=\"_blank\" rel=\"noopener noreferrer\">Safari\u2122<\/a><br \/><a href=\"https:\/\/support.google.com\/chrome\/answer\/95647?hl=de&amp;hlrm=en\" target=\"_blank\" rel=\"noopener noreferrer\">Chrome\u2122<\/a><br \/><a href=\"https:\/\/support.mozilla.org\/de\/kb\/cookies-erlauben-und-ablehnen\" target=\"_blank\" rel=\"noopener noreferrer\">Firefox\u2122<\/a><br \/><a href=\"https:\/\/help.opera.com\/de\/latest\/web-preferences\/#cookies\" target=\"_blank\" rel=\"noopener noreferrer\">Opera\u2122<\/a><br \/>Bei der Nichtannahme von Cookies kann die Funktionalit\u00e4t unserer Website eingeschr\u00e4nkt sein.<\/p><p><strong>6.\u00a0Online-Marketing<\/strong><\/p><p><strong>Google reCAPTCHA<\/strong><br \/>Zum Zwecke des Schutzes vor Missbrauch unserer Web-Formulare sowie vor Spam nutzen wir im Rahmen einiger Formulare auf dieser Webseite den Google reCAPTCHA Service. Google reCAPTCHA ist ein Angebot der Google Ireland Limited, einer nach irischem Recht eingetragenen und betriebenen Gesellschaft mit Sitz in Gordon House, Barrow Street, Dublin 4, Irland. (<a href=\"http:\/\/www.google.de\" target=\"_blank\" rel=\"noopener noreferrer\">www.google.de<\/a>). Durch die \u00dcberpr\u00fcfung einer manuellen Eingabe verhindert dieser Dienst, dass automatisierte Software (sog. Bots) missbr\u00e4uchliche Aktivit\u00e4ten auf der Website ausf\u00fchrt. Dies dient gem\u00e4\u00df Art. 6 Abs. 1 S. 1 lit. f DSGVO der Wahrung unserer im Rahmen einer Interessensabw\u00e4gung \u00fcberwiegenden berechtigten Interessen am Schutz unserer Webseite vor Missbrauch sowie an einer st\u00f6rungsfreien Darstellung unseres Onlineauftritts.<\/p><p>Google reCAPTCHA verwendet mittels eines in der Webseite eingebundenen Codes, einem sog. JavaScript, im Rahmen der \u00dcberpr\u00fcfung Methoden, die eine Analyse der Benutzung der Website durch Sie erm\u00f6glichen, wie zum Beispiel Cookies. Die automatisch erhobenen Informationen \u00fcber Ihre Benutzung dieser Website einschlie\u00dflich Ihrer IP Adresse werden in der Regel an einen Server von Google in den USA \u00fcbertragen und dort gespeichert. Daneben werden andere, durch Google Dienste in Ihrem Browser gespeicherte Cookies durch Google reCAPTCHA ausgewertet.<br \/>Ein Auslesen oder Speichern von personenbezogenen Daten aus den Eingabefeldern des jeweiligen Formulars findet nicht statt.<\/p><p>Soweit Informationen auf Server von Google in den USA \u00fcbertragen und dort gespeichert werden, ist die amerikanische Gesellschaft Google LLC unter dem EU-US-Privacy Shield zertifiziert. Ein aktuelles Zertifikat kann <a href=\"https:\/\/www.privacyshield.gov\/list\" target=\"_blank\" rel=\"noopener noreferrer\">hier<\/a> eingesehen werden. Aufgrund dieses Abkommens zwischen den USA und der Europ\u00e4ischen Kommission hat letztere f\u00fcr unter dem Privacy Shield zertifizierte Unternehmen ein angemessenes Datenschutzniveau festgestellt.<\/p><p>Sie k\u00f6nnen die Erfassung der durch das JavaScript, bzw. das Cookie erzeugten und auf Ihre Nutzung der Website bezogenen Daten (inkl. Ihrer IP-Adresse) an Google sowie die Verarbeitung dieser Daten durch Google verhindern, indem sie in Ihren Browser-Einstellungen die Ausf\u00fchrung von JavaScripten oder das Setzen von Cookies unterbinden. Bitte beachten Sie, dass dies die Funktionalit\u00e4t unseres Webangebots f\u00fcr Ihre Nutzung einschr\u00e4nken kann.<\/p><p>Weitere Informationen zu der Datenschutzpolicy von Google finden Sie <a href=\"https:\/\/policies.google.com\/privacy\" target=\"_blank\" rel=\"noopener noreferrer\">hier<\/a>.<\/p><p><strong>7.\u00a0Social Media<\/strong><\/p><p><strong>Verwendung von Social Plugins von Facebook, Instagram, unter Verwendung der Shariff-L\u00f6sung.<\/strong><\/p><p>Auf unserer Website werden Social Buttons von sozialen Netzwerken verwendet.<\/p><p>Dies dient der Wahrung unserer im Rahmen einer Interessensabw\u00e4gung \u00fcberwiegenden berechtigten Interessen an einer optimalen Vermarktung unseres Angebots gem\u00e4\u00df Art. 6 Abs. 1 S. 1 lit. f DSGVO. Um den Schutz Ihrer Daten beim Besuch unserer Website zu erh\u00f6hen, sind diese Buttons nicht uneingeschr\u00e4nkt als Plugins, sondern lediglich unter Verwendung eines HTML-Links in die Seite eingebunden. Diese Einbindung gew\u00e4hrleistet, dass beim Aufruf einer Seite unseres Webauftritts, die solche Buttons enth\u00e4lt, noch keine Verbindung mit den Servern des Anbieters des jeweiligen sozialen Netzwerks hergestellt wird.<\/p><p>Klicken Sie auf einen der Buttons, \u00f6ffnet sich ein neues Fenster Ihres Browsers und ruft die Seite des jeweiligen Diensteanbieters auf, auf der Sie (ggf. nach Eingabe Ihrer Login-Daten) z.B. den Like- oder Share-Button bet\u00e4tigen k\u00f6nnen.<\/p><p>Zweck und Umfang der Datenerhebung und die weitere Verarbeitung und Nutzung der Daten durch die Anbieter auf deren Seiten sowie eine Kontaktm\u00f6glichkeit und Ihre diesbez\u00fcglichen Rechte und Einstellungsm\u00f6glichkeiten zum Schutz Ihrer Privatsph\u00e4re entnehmen Sie bitte den Datenschutzhinweisen der Anbieter:<\/p><p><a href=\"https:\/\/www.facebook.com\/policy.php\" target=\"_blank\" rel=\"noopener noreferrer\">https:\/\/www.facebook.com\/policy.php<\/a><\/p><p><a href=\"https:\/\/help.instagram.com\/155833707900388\" target=\"_blank\" rel=\"noopener noreferrer\">https:\/\/help.instagram.com\/155833707900388<\/a><\/p><p><strong>Unsere Onlinepr\u00e4senz auf Facebook, Instagram<\/strong><\/p><p>Unsere Pr\u00e4senz auf sozialen Netzwerken und Plattformen dient einer besseren, aktiven Kommunikation mit unseren Kunden und Interessenten. Wir informieren dort \u00fcber unsere Produkte und laufende Sonderaktionen.<br \/>Bei dem Besuch unserer Onlinepr\u00e4senzen in sozialen Medien k\u00f6nnen Ihre Daten f\u00fcr Marktforschungs- und Werbezwecke automatisch erhoben und gespeichert werden. Aus diesen Daten werden unter Verwendung von Pseudonymen sog. Nutzungsprofile erstellt. Diese k\u00f6nnen verwendet werden, um z.B. Werbeanzeigen innerhalb und au\u00dferhalb der Plattformen zu schalten, die mutma\u00dflich Ihren Interessen entsprechen. Zu diesem Zweck werden im Regelfall Cookies auf Ihrem Endger\u00e4t eingesetzt. In diesen Cookies werden das Besucherverhalten und die Interessen der Nutzer gespeichert. Dies dient gem. Art. 6 Abs. 1 lit. f. DSGVO der Wahrung unserer im Rahmen einer Interessensabw\u00e4gung \u00fcberwiegenden berechtigten Interessen an einer optimierten Darstellung unseres Angebots und effektiver Kommunikation mit den Kunden und Interessenten. Falls Sie von den jeweiligen Social-Media Plattformbetreibern um eine Einwilligung (Einverst\u00e4ndnis) in die Datenverarbeitung gebeten werden, z.B. mit Hilfe einer Checkbox, ist die Rechtsgrundlage der Datenverarbeitung Art. 6 Abs. 1 lit. a DSGVO.<br \/>Soweit die vorgenannten Social-Media Plattformen ihren Hauptsitz in den USA haben, gilt Folgendes: F\u00fcr die USA liegt ein Angemessenheitsbeschluss der Europ\u00e4ischen Kommission vor. Dieser geht zur\u00fcck auf den EU-US Privacy Shield. Ein aktuelles Zertifikat f\u00fcr das jeweilige Unternehmen kann <a href=\"https:\/\/www.privacyshield.gov\/list\" target=\"_blank\" rel=\"noopener noreferrer\">hier<\/a> eingesehen werden.<br \/>Die detaillierten Informationen zur Verarbeitung und Nutzung der Daten durch die Anbieter auf deren Seiten sowie eine Kontaktm\u00f6glichkeit und Ihre diesbez\u00fcglichen Rechte und Einstellungsm\u00f6glichkeiten zum Schutz Ihrer Privatsph\u00e4re, insbesondere Widerspruchsm\u00f6glichkeiten (Opt-Out), entnehmen Sie bitte den unten verlinkten Datenschutzhinweisen der Anbieter. Sollten Sie diesbez\u00fcglich dennoch Hilfe ben\u00f6tigen, k\u00f6nnen Sie sich an uns wenden.<\/p><p>Facebook: <a href=\"https:\/\/www.facebook.com\/about\/privacy\" target=\"_blank\" rel=\"noopener noreferrer\">https:\/\/www.facebook.com\/about\/privacy\/<\/a><br \/>Die Datenverarbeitung erfolgt auf Grundlage einer Vereinbarung zwischen gemeinsam Verantwortlichen gem\u00e4\u00df Art. 26 DSGVO, die Sie <a href=\"https:\/\/www.facebook.com\/legal\/terms\/page_controller_addendum\" target=\"_blank\" rel=\"noopener noreferrer\">hier<\/a> einsehen k\u00f6nnen.<br \/>Weitere Informationen zur Datenverarbeitung im Rahmen des Besuchs einer Facebook Fanpage (Informationen zu Insights-Daten) finden Sie <a href=\"https:\/\/www.facebook.com\/legal\/terms\/information_about_page_insights_data\" target=\"_blank\" rel=\"noopener noreferrer\">hier<\/a>.<\/p><p>Instagram: <a href=\"https:\/\/help.instagram.com\/519522125107875\" target=\"_blank\" rel=\"noopener noreferrer\">https:\/\/help.instagram.com\/519522125107875<\/a><\/p><p>Widerspruchsm\u00f6glichkeit (Opt-Out):<\/p><p>Facebook: <a href=\"https:\/\/www.facebook.com\/settings?tab=ads\" target=\"_blank\" rel=\"noopener noreferrer\">https:\/\/www.facebook.com\/settings?tab=ads<\/a><\/p><p>Instagram: <a href=\"https:\/\/help.instagram.com\/519522125107875\" target=\"_blank\" rel=\"noopener noreferrer\">https:\/\/help.instagram.com\/519522125107875<\/a><\/p><p><strong>8.\u00a0Kontaktm\u00f6glichkeiten und Ihre Rechte<\/strong><\/p><p>Als Betroffener haben Sie folgende Rechte:<\/p><ul><li>gem\u00e4\u00df Art. 15 DSGVO das Recht, in dem dort bezeichneten Umfang Auskunft \u00fcber Ihre von uns verarbeiteten personenbezogenen Daten zu verlangen;<\/li><li>gem\u00e4\u00df Art. 16 DSGVO das Recht, unverz\u00fcglich die Berichtigung unrichtiger oder Vervollst\u00e4ndigung Ihrer bei uns gespeicherten personenbezogenen Daten zu verlangen;<\/li><li>gem\u00e4\u00df Art. 17 DSGVO das Recht, die L\u00f6schung Ihrer bei uns gespeicherten personenbezogenen Daten zu verlangen, soweit nicht die weitere Verarbeitung<ul><li>zur Aus\u00fcbung des Rechts auf freie Meinungs\u00e4u\u00dferung und Information;<\/li><li>zur Erf\u00fcllung einer rechtlichen Verpflichtung;<\/li><li>aus Gr\u00fcnden des \u00f6ffentlichen Interesses oder<\/li><li>zur Geltendmachung, Aus\u00fcbung oder Verteidigung von Rechtsanspr\u00fcchen erforderlich ist;<\/li><\/ul><\/li><li>gem\u00e4\u00df Art. 18 DSGVO das Recht, die Einschr\u00e4nkung der Verarbeitung Ihrer personenbezogenen Daten zu verlangen, soweit<ul><li>die Richtigkeit der Daten von Ihnen bestritten wird;<\/li><li>die Verarbeitung unrechtm\u00e4\u00dfig ist, Sie aber deren L\u00f6schung ablehnen;<\/li><li>wir die Daten nicht mehr ben\u00f6tigen, Sie diese jedoch zur Geltendmachung, Aus\u00fcbung oder Verteidigung von Rechtsanspr\u00fcchen ben\u00f6tigen oder<\/li><li>Sie gem\u00e4\u00df Art. 21 DSGVO Widerspruch gegen die Verarbeitung eingelegt haben;<\/li><\/ul><\/li><li>gem\u00e4\u00df Art. 20 DSGVO das Recht, Ihre personenbezogenen Daten, die Sie uns bereitgestellt haben, in einem strukturierten, g\u00e4ngigen und maschinenlesebaren Format zu erhalten oder die \u00dcbermittlung an einen anderen Verantwortlichen zu verlangen;<\/li><li>gem\u00e4\u00df Art. 77 DSGVO das Recht, sich bei einer Aufsichtsbeh\u00f6rde zu beschweren. In der Regel k\u00f6nnen Sie sich hierf\u00fcr an die Aufsichtsbeh\u00f6rde Ihres \u00fcblichen Aufenthaltsortes oder Arbeitsplatzes oder unseres Unternehmenssitzes wenden.<\/li><\/ul><p>Bei Fragen zur Erhebung, Verarbeitung oder Nutzung Ihrer personenbezogenen Daten, bei Ausk\u00fcnften, Berichtigung, Einschr\u00e4nkung oder L\u00f6schung von Daten sowie Widerruf erteilter Einwilligungen oder Widerspruch gegen eine bestimmte Datenverwendung wenden Sie sich bitte direkt an uns \u00fcber die Kontaktdaten in unserem Impressum.<\/p><p><strong>Widerspruchsrecht<\/strong><br \/>Soweit wir zur Wahrung unserer im Rahmen einer Interessensabw\u00e4gung \u00fcberwiegenden berechtigten Interessen personenbezogene Daten wie oben erl\u00e4utert verarbeiten, k\u00f6nnen Sie dieser Verarbeitung mit Wirkung f\u00fcr die Zukunft widersprechen. Erfolgt die Verarbeitung zu Zwecken des Direktmarketings, k\u00f6nnen Sie dieses Recht jederzeit wie oben beschrieben aus\u00fcben. Soweit die Verarbeitung zu anderen Zwecken erfolgt, steht Ihnen ein Widerspruchsrecht nur bei Vorliegen von Gr\u00fcnden, die sich aus Ihrer besonderen Situation ergeben, zu.<\/p><p>Nach Aus\u00fcbung Ihres Widerspruchsrechts werden wir Ihre personenbezogenen Daten nicht weiter zu diesen Zwecken verarbeiten, es sei denn, wir k\u00f6nnen zwingende schutzw\u00fcrdige Gr\u00fcnde f\u00fcr die Verarbeitung nachweisen, die Ihre Interessen, Rechte und Freiheiten \u00fcberwiegen, oder wenn die Verarbeitung der Geltendmachung, Aus\u00fcbung oder Verteidigung von Rechtsanspr\u00fcchen dient<\/p><p>Dies gilt nicht, wenn die Verarbeitung zu Zwecken des Direktmarketings erfolgt. Dann werden wir Ihre personenbezogenen Daten nicht weiter zu diesem Zweck verarbeiten.<\/p>\t\t\t\t\t\t<\/div>\n\t\t\t\t<\/div>\n\t\t\t\t\t<\/div>\n\t\t<\/div>\n\t\t\t\t\t\t\t<\/div>\n\t\t<\/section>\n\t\t\t\t\t\t<\/div>\n\t\t\t\t\t<\/div>\n\t\t","protected":false},"excerpt":{"rendered":"<p>Datenschutzerkl\u00e4rung Verantwortlicher f\u00fcr die Datenverarbeitung ist:Philipp KraftMaierbachstra\u00dfe 1378234 Engen-NeuhausenDeutschland info@tattoo-buddy.de Wir freuen uns \u00fcber Ihr Interesse an unserem Angebot. Der Schutz Ihrer Privatsph\u00e4re ist f\u00fcr uns sehr wichtig. Nachstehend informieren wir Sie ausf\u00fchrlich \u00fcber den Umgang mit Ihren Daten. 1.\u00a0Zugriffsdaten und Hosting Sie k\u00f6nnen unsere Webseiten besuchen, ohne Angaben zu Ihrer Person zu machen. Bei [&hellip;]<\/p>\n","protected":false},"author":1,"featured_media":0,"parent":0,"menu_order":0,"comment_status":"closed","ping_status":"closed","template":"","meta":{"footnotes":""},"class_list":["post-213","page","type-page","status-publish","hentry","entry"],"_links":{"self":[{"href":"https:\/\/www.tattoo-buddy.de\/index.php?rest_route=\/wp\/v2\/pages\/213","targetHints":{"allow":["GET"]}}],"collection":[{"href":"https:\/\/www.tattoo-buddy.de\/index.php?rest_route=\/wp\/v2\/pages"}],"about":[{"href":"https:\/\/www.tattoo-buddy.de\/index.php?rest_route=\/wp\/v2\/types\/page"}],"author":[{"embeddable":true,"href":"https:\/\/www.tattoo-buddy.de\/index.php?rest_route=\/wp\/v2\/users\/1"}],"replies":[{"embeddable":true,"href":"https:\/\/www.tattoo-buddy.de\/index.php?rest_route=%2Fwp%2Fv2%2Fcomments&post=213"}],"version-history":[{"count":7,"href":"https:\/\/www.tattoo-buddy.de\/index.php?rest_route=\/wp\/v2\/pages\/213\/revisions"}],"predecessor-version":[{"id":243,"href":"https:\/\/www.tattoo-buddy.de\/index.php?rest_route=\/wp\/v2\/pages\/213\/revisions\/243"}],"wp:attachment":[{"href":"https:\/\/www.tattoo-buddy.de\/index.php?rest_route=%2Fwp%2Fv2%2Fmedia&parent=213"}],"curies":[{"name":"wp","href":"https:\/\/api.w.org\/{rel}","templated":true}]}}