{"id":215,"date":"2021-02-11T19:46:59","date_gmt":"2021-02-11T19:46:59","guid":{"rendered":"http:\/\/buddy.sactory.de\/?page_id=215"},"modified":"2021-02-13T19:28:22","modified_gmt":"2021-02-13T19:28:22","slug":"faq","status":"publish","type":"page","link":"https:\/\/www.tattoo-buddy.de\/?page_id=215","title":{"rendered":"FAQ"},"content":{"rendered":"\t\t<div data-elementor-type=\"wp-page\" data-elementor-id=\"215\" class=\"elementor elementor-215\" data-elementor-settings=\"[]\">\n\t\t\t\t\t\t\t<div class=\"elementor-section-wrap\">\n\t\t\t\t\t\t\t<section class=\"elementor-section elementor-top-section elementor-element elementor-element-9af8b94 elementor-section-boxed elementor-section-height-default elementor-section-height-default\" data-id=\"9af8b94\" data-element_type=\"section\">\n\t\t\t\t\t\t<div class=\"elementor-container elementor-column-gap-default\">\n\t\t\t\t\t<div class=\"elementor-column elementor-col-100 elementor-top-column elementor-element elementor-element-7dfc5b9\" data-id=\"7dfc5b9\" data-element_type=\"column\">\n\t\t\t<div class=\"elementor-widget-wrap elementor-element-populated\">\n\t\t\t\t\t\t\t\t<div class=\"elementor-element elementor-element-469edb9 elementor-widget elementor-widget-toggle\" data-id=\"469edb9\" data-element_type=\"widget\" data-widget_type=\"toggle.default\">\n\t\t\t\t<div class=\"elementor-widget-container\">\n\t\t\t\t\t<div class=\"elementor-toggle\" role=\"tablist\">\n\t\t\t\t\t\t\t<div class=\"elementor-toggle-item\">\n\t\t\t\t\t<div id=\"elementor-tab-title-7401\" class=\"elementor-tab-title\" data-tab=\"1\" role=\"tab\" aria-controls=\"elementor-tab-content-7401\" aria-expanded=\"false\">\n\t\t\t\t\t\t\t\t\t\t\t\t<a href=\"\" class=\"elementor-toggle-title\">Ab wann darf ich mich t\u00e4towieren lassen? <\/a>\n\t\t\t\t\t<\/div>\n\t\t\t\t\t<div id=\"elementor-tab-content-7401\" class=\"elementor-tab-content elementor-clearfix\" data-tab=\"1\" role=\"tabpanel\" aria-labelledby=\"elementor-tab-title-7401\"><p>T\u00e4towieren ist streng genommen eine Form von K\u00f6rperverletzung, die nat\u00fcrlich straffrei bleibt, solange das Einverst\u00e4ndnis des Kunden vorliegt, sofern dieser vollj\u00e4hrig ist, sprich das 18. Lebensjahr vollendet hat. Manche T\u00e4towierer t\u00e4towieren auch schon Jugendliche ab 16, wenn ein Einverst\u00e4ndnis der Eltern vorliegt; dabei bewegen sie sich aber juristisch auf d\u00fcnnem Eis, beispielsweise falls ein Elternteil zustimmt, der andere das Tattoo aber ablehnt, oder falls eine elterliche Einverst\u00e4ndniserkl\u00e4rung gef\u00e4lscht wurde. Ohnehin ist es in jedem Fall sinnvoll, mit einer T\u00e4towierung bis zur Vollj\u00e4hrigkeit zu warten, da Teenager zu raschen Stil- und Geschmacks\u00e4nderungen neigen, und eine so endg\u00fcltige Entscheidung wie die f\u00fcr ein Tattoo nun mal ein gewisses Ma\u00df an geistiger Reife voraussetzt.<\/p><\/div>\n\t\t\t\t<\/div>\n\t\t\t\t\t\t\t<div class=\"elementor-toggle-item\">\n\t\t\t\t\t<div id=\"elementor-tab-title-7402\" class=\"elementor-tab-title\" data-tab=\"2\" role=\"tab\" aria-controls=\"elementor-tab-content-7402\" aria-expanded=\"false\">\n\t\t\t\t\t\t\t\t\t\t\t\t<a href=\"\" class=\"elementor-toggle-title\">Was kostet ein Tattoo?<\/a>\n\t\t\t\t\t<\/div>\n\t\t\t\t\t<div id=\"elementor-tab-content-7402\" class=\"elementor-tab-content elementor-clearfix\" data-tab=\"2\" role=\"tabpanel\" aria-labelledby=\"elementor-tab-title-7402\"><p>Eine h\u00e4ufig gestellte Frage, die so nicht zu beantworten ist; ebenso gut k\u00f6nnte man fragen, wie viel ein rotes Auto kostet. Der Preis ist abh\u00e4ngig von der Gr\u00f6\u00dfe des Tattoos, dem individuellen Stundensatz des T\u00e4towierers, der f\u00fcr das Tattoo ben\u00f6tigten Zeit usw. usf. Ein T\u00e4towierer wird erst dann eine einigerma\u00dfen pr\u00e4zise Angabe \u00fcber den Preis machen k\u00f6nnen, wenn er wei\u00df, welches Motiv in welcher Gr\u00f6\u00dfe auf welche K\u00f6rperstelle gestochen werden soll, wie detailliert es sein soll und ob es farbig oder schwarz\/wei\u00df sein soll.<\/p><\/div>\n\t\t\t\t<\/div>\n\t\t\t\t\t\t\t<div class=\"elementor-toggle-item\">\n\t\t\t\t\t<div id=\"elementor-tab-title-7403\" class=\"elementor-tab-title\" data-tab=\"3\" role=\"tab\" aria-controls=\"elementor-tab-content-7403\" aria-expanded=\"false\">\n\t\t\t\t\t\t\t\t\t\t\t\t<a href=\"\" class=\"elementor-toggle-title\">Gibt es Tattoos, die nach ein paar Jahren wieder verschwinden?<\/a>\n\t\t\t\t\t<\/div>\n\t\t\t\t\t<div id=\"elementor-tab-content-7403\" class=\"elementor-tab-content elementor-clearfix\" data-tab=\"3\" role=\"tabpanel\" aria-labelledby=\"elementor-tab-title-7403\"><p>Sogenannte \u00bbBio-Tattoos\u00ab oder \u00bbTemptoos\u00ab werden h\u00e4ufig in Kosmetik-Studios angeboten. Angeblich sollen diese \u00bbtempor\u00e4ren Tattoos\u00ab nach einigen Jahren wieder v\u00f6llig verblassen. Der Behauptung solcher \u00bbBio-T\u00e4towierer\u00ab, dass die \u00bbTemptoos\u00ab durch den nat\u00fcrlichen Erneuerungsprozess der Haut nach und nach verschwinden sollen, wird aber von Haut\u00e4rzten heftig widersprochen. Aus medizinischer Sicht gilt es als unm\u00f6glich, dass ein Hautbild auf diese Art verschwindet. Den Tattoo-Experten von Tattoo-Style und T\u00e4towier Magazin ist auch bis heute kein einziger Fall bekannt, in dem ein sogenanntes \u00bbBio-Tattoo\u00ab oder \u00bbTemptoo\u00ab tats\u00e4chlich wieder r\u00fcckstandslos verschwunden ist! Die Idee vom Hautbild f\u00fcr eine begrenzte Zeit ist also nur ein sch\u00f6ner Traum \u2013 oder eine clevere Gesch\u00e4ftsidee \u2026<\/p><\/div>\n\t\t\t\t<\/div>\n\t\t\t\t\t\t\t<div class=\"elementor-toggle-item\">\n\t\t\t\t\t<div id=\"elementor-tab-title-7404\" class=\"elementor-tab-title\" data-tab=\"4\" role=\"tab\" aria-controls=\"elementor-tab-content-7404\" aria-expanded=\"false\">\n\t\t\t\t\t\t\t\t\t\t\t\t<a href=\"\" class=\"elementor-toggle-title\">Kann man Tattoos wieder loswerden?<\/a>\n\t\t\t\t\t<\/div>\n\t\t\t\t\t<div id=\"elementor-tab-content-7404\" class=\"elementor-tab-content elementor-clearfix\" data-tab=\"4\" role=\"tabpanel\" aria-labelledby=\"elementor-tab-title-7404\"><p>Man kann kleine bis mittelgro\u00dfe T\u00e4towierungen durch Laserbehandlung wieder entfernen lassen. In einer guten Laserklinik hinterl\u00e4sst eine solche Behandlung keine Narben. Durch Kombination von Rubin-Laser und Nd-Yag-Laser lassen sich sowohl einfarbige Amateur-Tattoos wie auch farbige Profi-T\u00e4towierungen entfernen. Dennoch ist der Laser kein Wundermittel, mit dem man nach Lust und Laune ungeliebte Mode-Tattoos wieder loswerden kann. Die Behandlung ist teuer, schmerzhaft und kann je nach Beschaffenheit des Tattoos sehr langwierig sein. Es ist auch m\u00f6glich, ein altes, dunkles Tattoo durch den Laser aufzuhellen, um die betroffene Hautstelle erneut t\u00e4towieren zu k\u00f6nnen. Adressen von Laserkliniken erh\u00e4lt man beim Hautarzt.<\/p><\/div>\n\t\t\t\t<\/div>\n\t\t\t\t\t\t\t<div class=\"elementor-toggle-item\">\n\t\t\t\t\t<div id=\"elementor-tab-title-7405\" class=\"elementor-tab-title\" data-tab=\"5\" role=\"tab\" aria-controls=\"elementor-tab-content-7405\" aria-expanded=\"false\">\n\t\t\t\t\t\t\t\t\t\t\t\t<a href=\"\" class=\"elementor-toggle-title\">Sind allergische Reaktionen auf Tattoofarben m\u00f6glich?<\/a>\n\t\t\t\t\t<\/div>\n\t\t\t\t\t<div id=\"elementor-tab-content-7405\" class=\"elementor-tab-content elementor-clearfix\" data-tab=\"5\" role=\"tabpanel\" aria-labelledby=\"elementor-tab-title-7405\"><p>Da der menschliche K\u00f6rper theoretisch auf eine nahezu unbegrenzte Vielzahl von Dingen wie Gr\u00e4serpollen, Erdn\u00fcsse, Nickel, Latex und vieles mehr allergisch reagieren kann, sind nat\u00fcrlich auch allergische Reaktionen auf Tattoo-Farben nicht ausgeschlossen. In der Praxis sind solche Reaktionen aber extrem selten. Allergien wurden in Ausnahmef\u00e4llen auf Tattoo-Farbstoffe beobachtet, die Rot und Gelb enthalten. Heutzutage werden hochwertige Tattoo-Farben jedoch auf m\u00f6gliche allergene Stoffe getestet, wobei nichts desto trotz eines minimalen Restrisikos einer unerw\u00fcnschten Reaktion des K\u00f6rpers nie v\u00f6llig ausgeschlossen werden kann.<\/p><\/div>\n\t\t\t\t<\/div>\n\t\t\t\t\t\t\t<div class=\"elementor-toggle-item\">\n\t\t\t\t\t<div id=\"elementor-tab-title-7406\" class=\"elementor-tab-title\" data-tab=\"6\" role=\"tab\" aria-controls=\"elementor-tab-content-7406\" aria-expanded=\"false\">\n\t\t\t\t\t\t\t\t\t\t\t\t<a href=\"\" class=\"elementor-toggle-title\">Gibt es schmerzlose Tattoos?<\/a>\n\t\t\t\t\t<\/div>\n\t\t\t\t\t<div id=\"elementor-tab-content-7406\" class=\"elementor-tab-content elementor-clearfix\" data-tab=\"6\" role=\"tabpanel\" aria-labelledby=\"elementor-tab-title-7406\"><p>Der Prozess des T\u00e4towierens ist grunds\u00e4tzlich mehr oder minder schmerzhaft, wobei jeder eine andere Schmerztoleranz hat. Was einer als leicht unangenehm empfindet, ist f\u00fcr einen anderen schon unertr\u00e4glich schmerzhaft. Der Grad der Schmerzempfindung h\u00e4ngt auch von der Technik des T\u00e4towierers, der Art der Nadeln und der t\u00e4towierten K\u00f6rperstelle sowie der k\u00f6rperlichen Konstitution ab. Darum besteht f\u00fcr extrem schmerzempfindliche Personen die M\u00f6glichkeit, die Haut vor dem T\u00e4towieren mit dem lokalen Hautan\u00e4sthetikum \u00bbEMLA\u00ab (rezeptfrei in Apotheken erh\u00e4ltlich) zeitweise zu bet\u00e4uben. Die Wirkdauer dieser Creme ist individuell sehr unterschiedlich; bei manchen wirkt sie bis zu zwei Stunden, bei anderen gerade mal zwanzig Minuten. Die Haut ist f\u00fcr die Dauer der Wirkung nahezu schmerzunempfindlich. In manchen F\u00e4llen wurde jedoch beobachtet, dass mit \u00bbEMLA\u00ab behandelte Haut T\u00e4towierfarbe schlechter annimmt, was zu Qualit\u00e4tsverlusten bei der T\u00e4towierung f\u00fchren kann. Zudem muss beachtet werden, dass \u00bbEMLA\u00ab ein Arzneimittel ist, das Nebenwirkungen haben kann.<\/p><p>\u00a0<\/p><\/div>\n\t\t\t\t<\/div>\n\t\t\t\t\t\t\t<div class=\"elementor-toggle-item\">\n\t\t\t\t\t<div id=\"elementor-tab-title-7407\" class=\"elementor-tab-title\" data-tab=\"7\" role=\"tab\" aria-controls=\"elementor-tab-content-7407\" aria-expanded=\"false\">\n\t\t\t\t\t\t\t\t\t\t\t\t<a href=\"\" class=\"elementor-toggle-title\">Kann man sich beim T\u00e4towieren mit Krankheiten infizieren?<\/a>\n\t\t\t\t\t<\/div>\n\t\t\t\t\t<div id=\"elementor-tab-content-7407\" class=\"elementor-tab-content elementor-clearfix\" data-tab=\"7\" role=\"tabpanel\" aria-labelledby=\"elementor-tab-title-7407\"><p>Wenn Hygieneregeln nicht beachtet werden, ist es m\u00f6glich, beim T\u00e4towieren Krankheitskeime wie zum Beispiel Hepatitis-Viren oder auch HI-Viren, den Erregern der Immunschw\u00e4che AIDS, von einem Kunden auf den n\u00e4chsten zu \u00fcbertragen. Deshalb sollte man sich vor dem T\u00e4towieren vergewissern, dass der T\u00e4towierer \u00fcber ein gepr\u00fcftes Sterilisationsger\u00e4t verf\u00fcgt, mit Latexhandschuhen arbeitet und darauf achtet, dass Spr\u00fchflaschen, Trafokn\u00f6pfe u.\u00e4. \u2013 all die Gegenst\u00e4nde, die w\u00e4hrend des T\u00e4towierens angefasst werden (dazu kann auch das Telefon z\u00e4hlen) \u2013 mit Folie abgeklebt sind. Ebenfalls wichtig: Beim Nachf\u00fcllen der Einmal-Farbt\u00f6pfchen darf die Spitze der Farbflasche nicht mit dem Inhalt des Farbt\u00f6pfchens in Ber\u00fchrung kommen! Wenn alle Hygiene-Regeln eingehalten werden, ist eine \u00dcbertragung von Krankheiten, genauso wie beim Zahnarzt oder im Krankenhaus, ausgeschlossen.<\/p><\/div>\n\t\t\t\t<\/div>\n\t\t\t\t\t\t\t<div class=\"elementor-toggle-item\">\n\t\t\t\t\t<div id=\"elementor-tab-title-7408\" class=\"elementor-tab-title\" data-tab=\"8\" role=\"tab\" aria-controls=\"elementor-tab-content-7408\" aria-expanded=\"false\">\n\t\t\t\t\t\t\t\t\t\t\t\t<a href=\"\" class=\"elementor-toggle-title\">Was muss ich nach dem T\u00e4towieren beachten?<\/a>\n\t\t\t\t\t<\/div>\n\t\t\t\t\t<div id=\"elementor-tab-content-7408\" class=\"elementor-tab-content elementor-clearfix\" data-tab=\"8\" role=\"tabpanel\" aria-labelledby=\"elementor-tab-title-7408\"><p>Jeder T\u00e4towierer hat sein eigenes \u00bbRezept\u00ab f\u00fcr die Nachbehandlung. Grunds\u00e4tzlich ist es aber am wichtigsten zu gew\u00e4hrleisten, dass der Wundschorf der sich einige Tage nach dem T\u00e4towieren bildet, von selbst abfallen kann. Er darf keinesfalls abgekratzt werden und darf auch nicht durch Duschen, Sauna oder starkes Schwitzen beim Sport aufgeweicht werden. Durch Besch\u00e4digung des Wundschorfs kann Farbe verloren gehen, es entstehen \u00bbL\u00f6cher\u00ab im Tattoo, die nachgestochen werden m\u00fcssen. Wenn du eine Wundsalbe benutzen willst, sprich vorher mit deinem T\u00e4towierer, denn nicht jede Salbe eignet sich zur Pflege von T\u00e4towierungen! Auch nachdem das Tattoo abgeheilt ist, empfiehlt es sich, es im Sommer stets mit Sonnencreme einzucremen. So wird ein Ausbleichen verhindert, und das Tattoo beh\u00e4lt seine Farbintensit\u00e4t und Sch\u00e4rfe.<\/p><\/div>\n\t\t\t\t<\/div>\n\t\t\t\t\t\t\t<div class=\"elementor-toggle-item\">\n\t\t\t\t\t<div id=\"elementor-tab-title-7409\" class=\"elementor-tab-title\" data-tab=\"9\" role=\"tab\" aria-controls=\"elementor-tab-content-7409\" aria-expanded=\"false\">\n\t\t\t\t\t\t\t\t\t\t\t\t<a href=\"\" class=\"elementor-toggle-title\">Verzieht sich ein Tattoo, wenn ich durch Bodybuilding dickere Arme bekomme?<\/a>\n\t\t\t\t\t<\/div>\n\t\t\t\t\t<div id=\"elementor-tab-content-7409\" class=\"elementor-tab-content elementor-clearfix\" data-tab=\"9\" role=\"tabpanel\" aria-labelledby=\"elementor-tab-title-7409\"><p>Nat\u00fcrlich w\u00fcrde sich ein Oberarm-Tattoo verziehen, wenn sich der Armumfang durch intensives Training oder auch durch starke Gewichtszunahme bei fettreicher Ern\u00e4hrung extrem vergr\u00f6\u00dfern w\u00fcrde, z.B. in einer Gr\u00f6\u00dfenordnung von urspr\u00fcnglich 30 cm auf 45 cm. Eine derartige Zunahme an Muskelmasse ist aber nur durch intensivstes Training zu erreichen; die Ergebnisse, die ein \u00bbnormal\u00ab Trainierender im Freizeitsport erreichen kann, werden sich aber nicht so dramatisch auswirken, dass sich ein Tattoo dadurch merklich verzieht. Es kommt auch auf das t\u00e4towierte Motiv an; bei einem sehr grafischen Muster wie einem Marquesesas-Tribal wird eine Zu- oder Abnahme des Armumfangs deutlicher zu sehen sein als beispielsweise bei einem geschwungenen Drachenmotiv.<\/p><\/div>\n\t\t\t\t<\/div>\n\t\t\t\t\t\t\t<div class=\"elementor-toggle-item\">\n\t\t\t\t\t<div id=\"elementor-tab-title-74010\" class=\"elementor-tab-title\" data-tab=\"10\" role=\"tab\" aria-controls=\"elementor-tab-content-74010\" aria-expanded=\"false\">\n\t\t\t\t\t\t\t\t\t\t\t\t<a href=\"\" class=\"elementor-toggle-title\">Kann man Narbengewebe \u00fcbert\u00e4towieren?<\/a>\n\t\t\t\t\t<\/div>\n\t\t\t\t\t<div id=\"elementor-tab-content-74010\" class=\"elementor-tab-content elementor-clearfix\" data-tab=\"10\" role=\"tabpanel\" aria-labelledby=\"elementor-tab-title-74010\"><p>Es ist durchaus m\u00f6glich, Narbengewebe zu t\u00e4towieren, um so von h\u00e4sslichen Narben abzulenken oder diese etwas zu kaschieren. Allerdings verh\u00e4lt sich Narbengewebe anders als normale Haut, abh\u00e4ngig davon, ob es eher weich oder hart, eher wulstig oder flach ist. Du solltest dir auf alle F\u00e4lle einen T\u00e4towierer suchen, der bereits etwas Erfahrung mit dem T\u00e4towieren von Narben gesammelt hat.<\/p><\/div>\n\t\t\t\t<\/div>\n\t\t\t\t\t\t\t\t<\/div>\n\t\t\t\t<\/div>\n\t\t\t\t<\/div>\n\t\t\t\t\t<\/div>\n\t\t<\/div>\n\t\t\t\t\t\t\t<\/div>\n\t\t<\/section>\n\t\t\t\t\t\t<\/div>\n\t\t\t\t\t<\/div>\n\t\t","protected":false},"excerpt":{"rendered":"<p>Ab wann darf ich mich t\u00e4towieren lassen? T\u00e4towieren ist streng genommen eine Form von K\u00f6rperverletzung, die nat\u00fcrlich straffrei bleibt, solange das Einverst\u00e4ndnis des Kunden vorliegt, sofern dieser vollj\u00e4hrig ist, sprich das 18. Lebensjahr vollendet hat. Manche T\u00e4towierer t\u00e4towieren auch schon Jugendliche ab 16, wenn ein Einverst\u00e4ndnis der Eltern vorliegt; dabei bewegen sie sich aber juristisch [&hellip;]<\/p>\n","protected":false},"author":1,"featured_media":0,"parent":0,"menu_order":0,"comment_status":"closed","ping_status":"closed","template":"","meta":{"footnotes":""},"class_list":["post-215","page","type-page","status-publish","hentry","entry"],"_links":{"self":[{"href":"https:\/\/www.tattoo-buddy.de\/index.php?rest_route=\/wp\/v2\/pages\/215","targetHints":{"allow":["GET"]}}],"collection":[{"href":"https:\/\/www.tattoo-buddy.de\/index.php?rest_route=\/wp\/v2\/pages"}],"about":[{"href":"https:\/\/www.tattoo-buddy.de\/index.php?rest_route=\/wp\/v2\/types\/page"}],"author":[{"embeddable":true,"href":"https:\/\/www.tattoo-buddy.de\/index.php?rest_route=\/wp\/v2\/users\/1"}],"replies":[{"embeddable":true,"href":"https:\/\/www.tattoo-buddy.de\/index.php?rest_route=%2Fwp%2Fv2%2Fcomments&post=215"}],"version-history":[{"count":7,"href":"https:\/\/www.tattoo-buddy.de\/index.php?rest_route=\/wp\/v2\/pages\/215\/revisions"}],"predecessor-version":[{"id":257,"href":"https:\/\/www.tattoo-buddy.de\/index.php?rest_route=\/wp\/v2\/pages\/215\/revisions\/257"}],"wp:attachment":[{"href":"https:\/\/www.tattoo-buddy.de\/index.php?rest_route=%2Fwp%2Fv2%2Fmedia&parent=215"}],"curies":[{"name":"wp","href":"https:\/\/api.w.org\/{rel}","templated":true}]}}