{"id":225,"date":"2021-02-11T19:49:09","date_gmt":"2021-02-11T19:49:09","guid":{"rendered":"http:\/\/buddy.sactory.de\/?page_id=225"},"modified":"2021-02-13T20:13:19","modified_gmt":"2021-02-13T20:13:19","slug":"kontakt","status":"publish","type":"page","link":"https:\/\/www.tattoo-buddy.de\/?page_id=225","title":{"rendered":"Kontakt"},"content":{"rendered":"\t\t<div data-elementor-type=\"wp-page\" data-elementor-id=\"225\" class=\"elementor elementor-225\" data-elementor-settings=\"[]\">\n\t\t\t\t\t\t\t<div class=\"elementor-section-wrap\">\n\t\t\t\t\t\t\t<section class=\"elementor-section elementor-top-section elementor-element elementor-element-9cb76e6 elementor-section-boxed elementor-section-height-default elementor-section-height-default\" data-id=\"9cb76e6\" data-element_type=\"section\">\n\t\t\t\t\t\t<div class=\"elementor-container elementor-column-gap-default\">\n\t\t\t\t\t<div class=\"elementor-column elementor-col-50 elementor-top-column elementor-element elementor-element-d85ac35\" data-id=\"d85ac35\" data-element_type=\"column\">\n\t\t\t<div class=\"elementor-widget-wrap elementor-element-populated\">\n\t\t\t\t\t\t\t\t<div class=\"elementor-element elementor-element-38626ff elementor-widget elementor-widget-text-editor\" data-id=\"38626ff\" data-element_type=\"widget\" data-widget_type=\"text-editor.default\">\n\t\t\t\t<div class=\"elementor-widget-container\">\n\t\t\t\t\t\t\t\t<!-- wp:paragraph -->\n<p><code>\r\n        \r\n        <form class=\"wpuf-form-add weforms-259  wpuf-style\" action=\"\" method=\"post\"   id=\"\">\r\n\r\n            <ul class=\"wpuf-form form-label-above\">\r\n\r\n                        <li class=\"wpuf-el name field-size-large\" data-label=\"Name\">\r\n                    <div class=\"wpuf-label\">\r\n            <label for=\"name_259\">Name <span class=\"required\">*<\/span><\/label>\r\n        <\/div>\r\n        \r\n            <div class=\"wpuf-fields\">\r\n                <div class=\"wpuf-name-field-wrap format-first-last\">\r\n                    <div class=\"wpuf-name-field-first-name\">\r\n                        <input\r\n                            name=\"name[first]\"\r\n                            type=\"text\"\r\n                            placeholder=\"Vorname\"\r\n                            value=\"\"\r\n                            size=\"40\"\r\n                            data-required=\"yes\"\r\n                            data-type=\"text\"\r\n                            class=\"textfield wpuf_name_259\"\r\n                            autocomplete=\"given-name\"\r\n                        >\r\n                                                    <label class=\"wpuf-form-sub-label\">First<\/label>\r\n                                            <\/div>\r\n\r\n                                            <input type=\"hidden\" name=\"name[middle]\" value=\"\">\r\n                    \r\n                    <div class=\"wpuf-name-field-last-name\">\r\n                        <input\r\n                            name=\"name[last]\"\r\n                            type=\"text\" class=\"textfield\"\r\n                            placeholder=\"Nachname\"\r\n                            value=\"\"\r\n                            size=\"40\"\r\n                            autocomplete=\"family-name\"\r\n                        >\r\n                                                    <label class=\"wpuf-form-sub-label\">Last<\/label>\r\n                                            <\/div>\r\n                <\/div>\r\n                            <\/div>\r\n        <\/li>\r\n                <li class=\"wpuf-el email_addresse field-size-large\" data-label=\"Email Addresse\">\r\n                    <div class=\"wpuf-label\">\r\n            <label for=\"email_addresse_259\">Email Addresse <span class=\"required\">*<\/span><\/label>\r\n        <\/div>\r\n        \r\n            <div class=\"wpuf-fields\">\r\n                <input\r\n                    id=\"email_addresse_259\"\r\n                    type=\"email\"\r\n                    class=\"email  wpuf_email_addresse_259\"\r\n                    data-duplicate=\"\"\r\n                    data-required=\"yes\"\r\n                    data-type=\"email\"\r\n                    name=\"email_addresse\"\r\n                    placeholder=\"\"\r\n                    value=\"\"\r\n                    size=\"40\"\r\n                    autocomplete=\"email\"\r\n                \/>\r\n                            <\/div>\r\n        <\/li>\r\n                <li class=\"wpuf-el bilderupload field-size-large\" data-label=\"Bilderupload\">\r\n                    <div class=\"wpuf-label\">\r\n            <label for=\"bilderupload_259\">Bilderupload<\/label>\r\n        <\/div>\r\n        \r\n            <div class=\"wpuf-fields\">\r\n                <div id=\"wpuf-bilderupload-259-upload-container\">\r\n                    <div class=\"wpuf-attachment-upload-filelist\" data-type=\"file\" data-required=\"no\">\r\n                        <a id=\"wpuf-bilderupload-259-pickfiles\" data-form_id=\"259\" class=\"button file-selector  wpuf_bilderupload_259\" href=\"#\">Bild ausw\u00e4hlen<\/a>\r\n\r\n                        <ul class=\"wpuf-attachment-list thumbnails\"><\/ul>\r\n                    <\/div>\r\n                <\/div><!-- .container -->\r\n\r\n                        <span class=\"wpuf-help\">Sende uns doch direkt ein Bild mit, so k\u00f6nnen wir noch wir dir noch schneller und genauer antworten.<\/span>\r\n        \r\n            <\/div> <!-- .wpuf-fields -->\r\n        <\/li>\r\n                <li class=\"wpuf-el deine_nachricht field-size-large\" data-label=\"Deine Nachricht\">\r\n                    <div class=\"wpuf-label\">\r\n            <label for=\"deine_nachricht_259\">Deine Nachricht <span class=\"required\">*<\/span><\/label>\r\n        <\/div>\r\n                                    <div class=\"wpuf-fields\">\r\n            \r\n                                    <textarea\r\n                        class=\"textareafield  wpuf_deine_nachricht_259\"\r\n                        id=\"deine_nachricht_259\"\r\n                        name=\"deine_nachricht\"\r\n                        data-required=\"yes\"\r\n                        data-type=\"textarea\"\r\n                        placeholder=\"\"\r\n                        rows=\"5\"\r\n                        cols=\"25\"\r\n                    ><\/textarea>\r\n                    <span class=\"wpuf-wordlimit-message wpuf-help\"><\/span>\r\n\r\n                \r\n                        <\/li>\r\n                <li class=\"wpuf-submit\">\r\n            <div class=\"wpuf-label\">\r\n                &nbsp;\r\n            <\/div>\r\n\r\n            <input type=\"hidden\" id=\"_wpnonce\" name=\"_wpnonce\" value=\"78704875cd\" \/><input type=\"hidden\" name=\"_wp_http_referer\" value=\"\/index.php?rest_route=%2Fwp%2Fv2%2Fpages%2F225\" \/>\r\n            <input type=\"hidden\" name=\"form_id\" value=\"259\">\r\n            <input type=\"hidden\" name=\"page_id\" value=\"225\">\r\n            <input type=\"hidden\" name=\"action\" value=\"weforms_frontend_submit\">\r\n\r\n                            <input type=\"hidden\" name=\"weforms-front-report\" value=\"no\">\r\n            \r\n            \r\n            <input type=\"submit\" class=\"weforms_submit_btn wpuf_submit_259\" name=\"submit\" value=\"Nachricht absenden\" \/>\r\n\r\n        <\/li>\r\n                <\/ul>\r\n\r\n        <\/form>\r\n\r\n        <\/code><\/p>\n<!-- \/wp:paragraph -->\t\t\t\t\t\t<\/div>\n\t\t\t\t<\/div>\n\t\t\t\t\t<\/div>\n\t\t<\/div>\n\t\t\t\t<div class=\"elementor-column elementor-col-50 elementor-top-column elementor-element elementor-element-6cab581\" data-id=\"6cab581\" data-element_type=\"column\">\n\t\t\t<div class=\"elementor-widget-wrap elementor-element-populated\">\n\t\t\t\t\t\t\t\t<div class=\"elementor-element elementor-element-36eb41a elementor-widget elementor-widget-text-editor\" data-id=\"36eb41a\" data-element_type=\"widget\" data-widget_type=\"text-editor.default\">\n\t\t\t\t<div class=\"elementor-widget-container\">\n\t\t\t\t\t\t\t\t<p><img loading=\"lazy\" decoding=\"async\" class=\"aligncenter wp-image-272 size-full\" src=\"http:\/\/buddy.sactory.de\/wp-content\/uploads\/2021\/02\/bear_wild_white.png\" alt=\"\" width=\"1774\" height=\"1826\" \/>Du m\u00f6chtest vorab einige Informationen haben? Um einen genaueren Preis nennen zu k\u00f6nnen, m\u00f6chtest du uns ein Bild schicken? Du m\u00f6chtest ein Feedback da lassen?<\/p>\n<p>Alles gar kein Problem, nutze einfach und unkompliziert unser Kontaktformular und sende uns eine Nachricht.<\/p>\t\t\t\t\t\t<\/div>\n\t\t\t\t<\/div>\n\t\t\t\t\t<\/div>\n\t\t<\/div>\n\t\t\t\t\t\t\t<\/div>\n\t\t<\/section>\n\t\t\t\t\t\t<\/div>\n\t\t\t\t\t<\/div>\n\t\t","protected":false},"excerpt":{"rendered":"<p>Du m\u00f6chtest vorab einige Informationen haben? Um einen genaueren Preis nennen zu k\u00f6nnen, m\u00f6chtest du uns ein Bild schicken? Du m\u00f6chtest ein Feedback da lassen? Alles gar kein Problem, nutze einfach und unkompliziert unser Kontaktformular und sende uns eine Nachricht.<\/p>\n","protected":false},"author":1,"featured_media":0,"parent":0,"menu_order":0,"comment_status":"closed","ping_status":"closed","template":"","meta":{"footnotes":""},"class_list":["post-225","page","type-page","status-publish","hentry","entry"],"_links":{"self":[{"href":"https:\/\/www.tattoo-buddy.de\/index.php?rest_route=\/wp\/v2\/pages\/225","targetHints":{"allow":["GET"]}}],"collection":[{"href":"https:\/\/www.tattoo-buddy.de\/index.php?rest_route=\/wp\/v2\/pages"}],"about":[{"href":"https:\/\/www.tattoo-buddy.de\/index.php?rest_route=\/wp\/v2\/types\/page"}],"author":[{"embeddable":true,"href":"https:\/\/www.tattoo-buddy.de\/index.php?rest_route=\/wp\/v2\/users\/1"}],"replies":[{"embeddable":true,"href":"https:\/\/www.tattoo-buddy.de\/index.php?rest_route=%2Fwp%2Fv2%2Fcomments&post=225"}],"version-history":[{"count":8,"href":"https:\/\/www.tattoo-buddy.de\/index.php?rest_route=\/wp\/v2\/pages\/225\/revisions"}],"predecessor-version":[{"id":275,"href":"https:\/\/www.tattoo-buddy.de\/index.php?rest_route=\/wp\/v2\/pages\/225\/revisions\/275"}],"wp:attachment":[{"href":"https:\/\/www.tattoo-buddy.de\/index.php?rest_route=%2Fwp%2Fv2%2Fmedia&parent=225"}],"curies":[{"name":"wp","href":"https:\/\/api.w.org\/{rel}","templated":true}]}}